{"id":185,"date":"2025-12-16T11:53:54","date_gmt":"2025-12-16T10:53:54","guid":{"rendered":"https:\/\/elinamirakova.es\/?page_id=185"},"modified":"2025-12-16T13:37:18","modified_gmt":"2025-12-16T12:37:18","slug":"punto-pae","status":"publish","type":"page","link":"https:\/\/elinamirakova.es\/en\/punto-pae\/","title":{"rendered":"Punto PAE"},"content":{"rendered":"\t\t<div data-elementor-type=\"wp-page\" data-elementor-id=\"185\" class=\"elementor elementor-185\" data-elementor-post-type=\"page\">\n\t\t\t\t<div class=\"elementor-element elementor-element-bcbbb92 e-flex e-con-boxed e-con e-parent\" data-id=\"bcbbb92\" data-element_type=\"container\" data-e-type=\"container\" data-settings=\"{&quot;background_background&quot;:&quot;classic&quot;}\">\n\t\t\t\t\t<div class=\"e-con-inner\">\n\t\t\t\t<div class=\"elementor-element elementor-element-db35e29 elementor-widget elementor-widget-heading\" data-id=\"db35e29\" data-element_type=\"widget\" data-e-type=\"widget\" data-widget_type=\"heading.default\">\n\t\t\t\t\t<h1 class=\"elementor-heading-title elementor-size-default\">Punto PAE<\/h1>\t\t\t\t<\/div>\n\t\t\t\t<div class=\"elementor-element elementor-element-d0058a9 elementor-widget elementor-widget-heading\" data-id=\"d0058a9\" data-element_type=\"widget\" data-e-type=\"widget\" data-widget_type=\"heading.default\">\n\t\t\t\t\t<h2 class=\"elementor-heading-title elementor-size-default\">Atenci\u00f3n al Emprendedor<\/h2>\t\t\t\t<\/div>\n\t\t\t\t\t<\/div>\n\t\t\t\t<\/div>\n\t\t<div class=\"elementor-element elementor-element-25684e6 e-flex e-con-boxed e-con e-parent\" data-id=\"25684e6\" data-element_type=\"container\" data-e-type=\"container\">\n\t\t\t\t\t<div class=\"e-con-inner\">\n\t\t<div class=\"elementor-element elementor-element-31fae6be e-con-full e-flex e-con e-child\" data-id=\"31fae6be\" data-element_type=\"container\" data-e-type=\"container\">\n\t\t<div class=\"elementor-element elementor-element-198c5d78 e-con-full e-flex e-con e-child\" data-id=\"198c5d78\" data-element_type=\"container\" data-e-type=\"container\">\n\t\t\t\t<div class=\"elementor-element elementor-element-42b3ad9f elementor-invisible elementor-widget elementor-widget-button\" data-id=\"42b3ad9f\" data-element_type=\"widget\" data-e-type=\"widget\" data-settings=\"{&quot;_animation&quot;:&quot;fadeInUp&quot;}\" data-widget_type=\"button.default\">\n\t\t\t\t\t\t\t\t\t\t<a class=\"elementor-button elementor-size-sm\" role=\"button\">\n\t\t\t\t\t\t<span class=\"elementor-button-content-wrapper\">\n\t\t\t\t\t\t\t\t\t<span class=\"elementor-button-text\">Punto PAE<\/span>\n\t\t\t\t\t<\/span>\n\t\t\t\t\t<\/a>\n\t\t\t\t\t\t\t\t<\/div>\n\t\t\t\t<div class=\"elementor-element elementor-element-51a248c5 elementor-widget__width-initial elementor-widget elementor-widget-heading\" data-id=\"51a248c5\" data-element_type=\"widget\" data-e-type=\"widget\" data-widget_type=\"heading.default\">\n\t\t\t\t\t<h2 class=\"elementor-heading-title elementor-size-default\">Introducci\u00f3n<\/h2>\t\t\t\t<\/div>\n\t\t\t\t<div class=\"elementor-element elementor-element-61662ec4 elementor-widget elementor-widget-text-editor\" data-id=\"61662ec4\" data-element_type=\"widget\" data-e-type=\"widget\" data-widget_type=\"text-editor.default\">\n\t\t\t\t\t\t\t\t\t<p data-start=\"668\" data-end=\"909\">Como <strong data-start=\"673\" data-end=\"715\">Punto de Atenci\u00f3n al Emprendedor (PAE)<\/strong>, ofrezco asesoramiento y acompa\u00f1amiento en los tr\u00e1mites necesarios para iniciar una actividad econ\u00f3mica, facilitando la creaci\u00f3n de empresas y el alta de aut\u00f3nomos de forma \u00e1gil y centralizada.<\/p><p data-start=\"911\" data-end=\"1065\">El servicio se realiza a trav\u00e9s de la <strong data-start=\"949\" data-end=\"968\">Red PAE \u2013 CIRCE<\/strong>, permitiendo gestionar los tr\u00e1mites de manera telem\u00e1tica y reduciendo tiempos y desplazamientos.<\/p>\t\t\t\t\t\t\t\t<\/div>\n\t\t\t\t<\/div>\n\t\t\t\t<\/div>\n\t\t<div class=\"elementor-element elementor-element-9f59ee1 e-con-full e-flex e-con e-child\" data-id=\"9f59ee1\" data-element_type=\"container\" data-e-type=\"container\">\n\t\t<div class=\"elementor-element elementor-element-f370826 e-con-full e-flex e-con e-child\" data-id=\"f370826\" data-element_type=\"container\" data-e-type=\"container\">\n\t\t\t\t<div class=\"elementor-element elementor-element-c1a46f0 elementor-widget__width-initial elementor-widget elementor-widget-heading\" data-id=\"c1a46f0\" data-element_type=\"widget\" data-e-type=\"widget\" data-widget_type=\"heading.default\">\n\t\t\t\t\t<h2 class=\"elementor-heading-title elementor-size-default\">\u00bfQu\u00e9 es un Punto PAE?<\/h2>\t\t\t\t<\/div>\n\t\t\t\t<div class=\"elementor-element elementor-element-78e6c41 elementor-widget elementor-widget-text-editor\" data-id=\"78e6c41\" data-element_type=\"widget\" data-e-type=\"widget\" data-widget_type=\"text-editor.default\">\n\t\t\t\t\t\t\t\t\t<p data-start=\"1160\" data-end=\"1298\">Un Punto de Atenci\u00f3n al Emprendedor (PAE) es un servicio autorizado que permite realizar, en un \u00fanico lugar, los tr\u00e1mites necesarios para:<\/p><ul data-start=\"1300\" data-end=\"1389\"><li data-start=\"1300\" data-end=\"1331\"><p data-start=\"1302\" data-end=\"1331\">Darse de alta como aut\u00f3nomo<\/p><\/li><li data-start=\"1332\" data-end=\"1353\"><p data-start=\"1334\" data-end=\"1353\">Crear una empresa<\/p><\/li><li data-start=\"1354\" data-end=\"1389\"><p data-start=\"1356\" data-end=\"1389\">Iniciar una actividad econ\u00f3mica<\/p><\/li><\/ul><p data-start=\"1391\" data-end=\"1488\">Todo ello mediante un sistema centralizado y coordinado con los organismos oficiales competentes.<\/p>\t\t\t\t\t\t\t\t<\/div>\n\t\t\t\t<\/div>\n\t\t\t\t<\/div>\n\t\t<div class=\"elementor-element elementor-element-759b610 e-con-full e-flex e-con e-child\" data-id=\"759b610\" data-element_type=\"container\" data-e-type=\"container\">\n\t\t<div class=\"elementor-element elementor-element-f5e16ea e-con-full e-flex e-con e-child\" data-id=\"f5e16ea\" data-element_type=\"container\" data-e-type=\"container\">\n\t\t\t\t<div class=\"elementor-element elementor-element-d122b2a elementor-widget__width-initial elementor-widget elementor-widget-heading\" data-id=\"d122b2a\" data-element_type=\"widget\" data-e-type=\"widget\" data-widget_type=\"heading.default\">\n\t\t\t\t\t<h2 class=\"elementor-heading-title elementor-size-default\">Servicios que se ofrecen como Punto PAE<\/h2>\t\t\t\t<\/div>\n\t\t\t\t<div class=\"elementor-element elementor-element-14f3d86 elementor-widget elementor-widget-text-editor\" data-id=\"14f3d86\" data-element_type=\"widget\" data-e-type=\"widget\" data-widget_type=\"text-editor.default\">\n\t\t\t\t\t\t\t\t\t<ul data-start=\"1644\" data-end=\"1895\"><li data-start=\"1644\" data-end=\"1665\"><p data-start=\"1646\" data-end=\"1665\">Alta de aut\u00f3nomos<\/p><\/li><li data-start=\"1666\" data-end=\"1715\"><p data-start=\"1668\" data-end=\"1715\">Constituci\u00f3n de sociedades mercantiles (S.L.)<\/p><\/li><li data-start=\"1716\" data-end=\"1760\"><p data-start=\"1718\" data-end=\"1760\">Asesoramiento inicial para emprendedores<\/p><\/li><li data-start=\"1761\" data-end=\"1814\"><p data-start=\"1763\" data-end=\"1814\">Tramitaci\u00f3n del Documento \u00danico Electr\u00f3nico (DUE)<\/p><\/li><li data-start=\"1815\" data-end=\"1895\"><p data-start=\"1817\" data-end=\"1895\">Gesti\u00f3n telem\u00e1tica de los tr\u00e1mites necesarios para el inicio de la actividad<\/p><\/li><\/ul>\t\t\t\t\t\t\t\t<\/div>\n\t\t\t\t<\/div>\n\t\t\t\t<\/div>\n\t\t<div class=\"elementor-element elementor-element-43b0831 e-con-full e-flex e-con e-child\" data-id=\"43b0831\" data-element_type=\"container\" data-e-type=\"container\">\n\t\t<div class=\"elementor-element elementor-element-b9c839c e-con-full e-flex e-con e-child\" data-id=\"b9c839c\" data-element_type=\"container\" data-e-type=\"container\">\n\t\t\t\t<div class=\"elementor-element elementor-element-b297d09 elementor-widget__width-initial elementor-widget elementor-widget-heading\" data-id=\"b297d09\" data-element_type=\"widget\" data-e-type=\"widget\" data-widget_type=\"heading.default\">\n\t\t\t\t\t<h2 class=\"elementor-heading-title elementor-size-default\">Ventajas de utilizar un Punto PAE<\/h2>\t\t\t\t<\/div>\n\t\t\t\t<div class=\"elementor-element elementor-element-d28e9bb elementor-widget elementor-widget-text-editor\" data-id=\"d28e9bb\" data-element_type=\"widget\" data-e-type=\"widget\" data-widget_type=\"text-editor.default\">\n\t\t\t\t\t\t\t\t\t<ul><li data-start=\"2002\" data-end=\"2038\"><p data-start=\"2004\" data-end=\"2038\">Ahorro de tiempo en los tr\u00e1mites<\/p><\/li><li data-start=\"2039\" data-end=\"2081\"><p data-start=\"2041\" data-end=\"2081\">Gesti\u00f3n centralizada en un \u00fanico punto<\/p><\/li><li data-start=\"2082\" data-end=\"2127\"><p data-start=\"2084\" data-end=\"2127\">Asesoramiento profesional y personalizado<\/p><\/li><li data-start=\"2128\" data-end=\"2160\"><p data-start=\"2130\" data-end=\"2160\">Reducci\u00f3n de desplazamientos<\/p><\/li><li data-start=\"2161\" data-end=\"2208\"><p data-start=\"2163\" data-end=\"2208\">Mayor agilidad en el inicio de la actividad<\/p><\/li><\/ul>\t\t\t\t\t\t\t\t<\/div>\n\t\t\t\t<\/div>\n\t\t\t\t<\/div>\n\t\t<div class=\"elementor-element elementor-element-04627ab e-con-full e-flex e-con e-child\" data-id=\"04627ab\" data-element_type=\"container\" data-e-type=\"container\">\n\t\t<div class=\"elementor-element elementor-element-93b3ea7 e-con-full e-flex e-con e-child\" data-id=\"93b3ea7\" data-element_type=\"container\" data-e-type=\"container\">\n\t\t\t\t<div class=\"elementor-element elementor-element-608cc7e elementor-widget__width-initial elementor-widget elementor-widget-heading\" data-id=\"608cc7e\" data-element_type=\"widget\" data-e-type=\"widget\" data-widget_type=\"heading.default\">\n\t\t\t\t\t<h2 class=\"elementor-heading-title elementor-size-default\">\u00bfA qui\u00e9n va dirigido este servicio?<\/h2>\t\t\t\t<\/div>\n\t\t\t\t<div class=\"elementor-element elementor-element-9aec74d elementor-widget elementor-widget-text-editor\" data-id=\"9aec74d\" data-element_type=\"widget\" data-e-type=\"widget\" data-widget_type=\"text-editor.default\">\n\t\t\t\t\t\t\t\t\t<p data-start=\"2307\" data-end=\"2337\">Este servicio est\u00e1 dirigido a:<\/p><ul data-start=\"2339\" data-end=\"2511\"><li data-start=\"2339\" data-end=\"2391\"><p data-start=\"2341\" data-end=\"2391\">Personas que desean darse de alta como aut\u00f3nomos<\/p><\/li><li data-start=\"2392\" data-end=\"2439\"><p data-start=\"2394\" data-end=\"2439\">Emprendedores que quieren crear una empresa<\/p><\/li><li data-start=\"2440\" data-end=\"2511\"><p data-start=\"2442\" data-end=\"2511\">Profesionales que buscan asesoramiento en el inicio de su actividad<\/p><\/li><\/ul>\t\t\t\t\t\t\t\t<\/div>\n\t\t\t\t<\/div>\n\t\t\t\t<\/div>\n\t\t<div class=\"elementor-element elementor-element-491d945 e-con-full e-flex e-con e-child\" data-id=\"491d945\" data-element_type=\"container\" data-e-type=\"container\">\n\t\t<div class=\"elementor-element elementor-element-d09845c e-con-full e-flex e-con e-child\" data-id=\"d09845c\" data-element_type=\"container\" data-e-type=\"container\">\n\t\t\t\t<div class=\"elementor-element elementor-element-a1a8b47 elementor-widget__width-initial elementor-widget elementor-widget-heading\" data-id=\"a1a8b47\" data-element_type=\"widget\" data-e-type=\"widget\" data-widget_type=\"heading.default\">\n\t\t\t\t\t<h2 class=\"elementor-heading-title elementor-size-default\">\u00bfA qui\u00e9n va dirigido este servicio?<\/h2>\t\t\t\t<\/div>\n\t\t\t\t<div class=\"elementor-element elementor-element-611ed41 elementor-widget elementor-widget-image\" data-id=\"611ed41\" data-element_type=\"widget\" data-e-type=\"widget\" data-widget_type=\"image.default\">\n\t\t\t\t\t\t\t\t\t\t\t\t\t\t\t<img fetchpriority=\"high\" decoding=\"async\" width=\"671\" height=\"406\" src=\"https:\/\/elinamirakova.es\/wp-content\/uploads\/2025\/12\/punto-pae-logo.png\" class=\"attachment-large size-large wp-image-250\" alt=\"\" srcset=\"https:\/\/elinamirakova.es\/wp-content\/uploads\/2025\/12\/punto-pae-logo.png 671w, https:\/\/elinamirakova.es\/wp-content\/uploads\/2025\/12\/punto-pae-logo-300x182.png 300w\" sizes=\"(max-width: 671px) 100vw, 671px\" \/>\t\t\t\t\t\t\t\t\t\t\t\t\t\t\t<\/div>\n\t\t\t\t<div class=\"elementor-element elementor-element-7f38e61 elementor-widget elementor-widget-text-editor\" data-id=\"7f38e61\" data-element_type=\"widget\" data-e-type=\"widget\" data-widget_type=\"text-editor.default\">\n\t\t\t\t\t\t\t\t\t<p data-start=\"2648\" data-end=\"2690\"><strong data-start=\"2648\" data-end=\"2690\">Punto PAE autorizado \u00b7 Red PAE \u2013 CIRCE<\/strong><\/p><p data-start=\"2692\" data-end=\"2801\">Servicio prestado conforme a la normativa vigente y en coordinaci\u00f3n con los organismos oficiales competentes.<\/p>\t\t\t\t\t\t\t\t<\/div>\n\t\t\t\t<\/div>\n\t\t\t\t<\/div>\n\t\t\t\t\t<\/div>\n\t\t\t\t<\/div>\n\t\t<div class=\"elementor-element elementor-element-3f8843e e-flex e-con-boxed e-con e-parent\" data-id=\"3f8843e\" data-element_type=\"container\" data-e-type=\"container\" data-settings=\"{&quot;background_background&quot;:&quot;classic&quot;}\">\n\t\t\t\t\t<div class=\"e-con-inner\">\n\t\t<div class=\"elementor-element elementor-element-41b9812 e-con-full e-flex e-con e-child\" data-id=\"41b9812\" data-element_type=\"container\" data-e-type=\"container\">\n\t\t\t\t<div class=\"elementor-element elementor-element-940d3bd elementor-widget elementor-widget-heading\" data-id=\"940d3bd\" data-element_type=\"widget\" data-e-type=\"widget\" data-widget_type=\"heading.default\">\n\t\t\t\t\t<h2 class=\"elementor-heading-title elementor-size-default\">\u00bfNecesitas asesoramiento fiscal o contable?<\/h2>\t\t\t\t<\/div>\n\t\t\t\t<div class=\"elementor-element elementor-element-c356fe2 elementor-widget__width-initial elementor-widget elementor-widget-text-editor\" data-id=\"c356fe2\" data-element_type=\"widget\" data-e-type=\"widget\" data-widget_type=\"text-editor.default\">\n\t\t\t\t\t\t\t\t\t<p data-start=\"3224\" data-end=\"3387\">Si buscas una asesora de confianza para gestionar tus impuestos, tu contabilidad o cualquier tr\u00e1mite administrativo, estar\u00e9 encantada de ayudarte.<\/p><p data-start=\"3389\" data-end=\"3430\">\u00a0<\/p>\t\t\t\t\t\t\t\t<\/div>\n\t\t\t\t<div class=\"elementor-element elementor-element-0f5fc0b elementor-widget elementor-widget-button\" data-id=\"0f5fc0b\" data-element_type=\"widget\" data-e-type=\"widget\" data-widget_type=\"button.default\">\n\t\t\t\t\t\t\t\t\t\t<a class=\"elementor-button elementor-button-link elementor-size-sm\" href=\"https:\/\/elinamirakova.es\/contacto\/\">\n\t\t\t\t\t\t<span class=\"elementor-button-content-wrapper\">\n\t\t\t\t\t\t\t\t\t<span class=\"elementor-button-text\">Contactar con Elina Mirakova<\/span>\n\t\t\t\t\t<\/span>\n\t\t\t\t\t<\/a>\n\t\t\t\t\t\t\t\t<\/div>\n\t\t\t\t<\/div>\n\t\t\t\t\t<\/div>\n\t\t\t\t<\/div>\n\t\t\t\t<\/div>\n\t\t","protected":false},"excerpt":{"rendered":"<p>Atenci\u00f3n al Emprendedor Punto PAE Introducci\u00f3n Como Punto de Atenci\u00f3n al Emprendedor (PAE), ofrezco asesoramiento y acompa\u00f1amiento en los tr\u00e1mites necesarios para iniciar una actividad econ\u00f3mica, facilitando la creaci\u00f3n de empresas y el alta de aut\u00f3nomos de forma \u00e1gil y centralizada. El servicio se realiza a trav\u00e9s de la Red PAE \u2013 CIRCE, permitiendo gestionar [&hellip;]<\/p>\n","protected":false},"author":1,"featured_media":0,"parent":0,"menu_order":0,"comment_status":"closed","ping_status":"closed","template":"","meta":{"footnotes":""},"class_list":["post-185","page","type-page","status-publish","hentry"],"yoast_head":"<!-- This site is optimized with the Yoast SEO plugin v27.0 - https:\/\/yoast.com\/product\/yoast-seo-wordpress\/ -->\n<title>Punto PAE - Elina Mirakova<\/title>\n<meta name=\"robots\" content=\"index, follow, max-snippet:-1, max-image-preview:large, max-video-preview:-1\" \/>\n<link rel=\"canonical\" href=\"https:\/\/elinamirakova.es\/en\/punto-pae\/\" \/>\n<meta property=\"og:locale\" content=\"en_US\" \/>\n<meta property=\"og:locale:alternate\" content=\"es_ES\" \/>\n<meta property=\"og:type\" content=\"article\" \/>\n<meta property=\"og:title\" content=\"Punto PAE - Elina Mirakova\" \/>\n<meta property=\"og:description\" content=\"Atenci\u00f3n al Emprendedor Punto PAE Introducci\u00f3n Como Punto de Atenci\u00f3n al Emprendedor (PAE), ofrezco asesoramiento y acompa\u00f1amiento en los tr\u00e1mites necesarios para iniciar una actividad econ\u00f3mica, facilitando la creaci\u00f3n de empresas y el alta de aut\u00f3nomos de forma \u00e1gil y centralizada. El servicio se realiza a trav\u00e9s de la Red PAE \u2013 CIRCE, permitiendo gestionar [&hellip;]\" \/>\n<meta property=\"og:url\" content=\"https:\/\/elinamirakova.es\/en\/punto-pae\/\" \/>\n<meta property=\"og:site_name\" content=\"Elina Mirakova\" \/>\n<meta property=\"article:modified_time\" content=\"2025-12-16T12:37:18+00:00\" \/>\n<meta property=\"og:image\" content=\"https:\/\/elinamirakova.es\/wp-content\/uploads\/2025\/12\/punto-pae-logo.png\" \/>\n\t<meta property=\"og:image:width\" content=\"671\" \/>\n\t<meta property=\"og:image:height\" content=\"406\" \/>\n\t<meta property=\"og:image:type\" content=\"image\/png\" \/>\n<meta name=\"twitter:card\" content=\"summary_large_image\" \/>\n<meta name=\"twitter:label1\" content=\"Est. reading time\" \/>\n\t<meta name=\"twitter:data1\" content=\"1 minute\" \/>\n<script type=\"application\/ld+json\" class=\"yoast-schema-graph\">{\"@context\":\"https:\/\/schema.org\",\"@graph\":[{\"@type\":\"WebPage\",\"@id\":\"https:\/\/elinamirakova.es\/punto-pae\/\",\"url\":\"https:\/\/elinamirakova.es\/punto-pae\/\",\"name\":\"Punto PAE - Elina Mirakova\",\"isPartOf\":{\"@id\":\"https:\/\/elinamirakova.es\/#website\"},\"primaryImageOfPage\":{\"@id\":\"https:\/\/elinamirakova.es\/punto-pae\/#primaryimage\"},\"image\":{\"@id\":\"https:\/\/elinamirakova.es\/punto-pae\/#primaryimage\"},\"thumbnailUrl\":\"https:\/\/elinamirakova.es\/wp-content\/uploads\/2025\/12\/punto-pae-logo.png\",\"datePublished\":\"2025-12-16T10:53:54+00:00\",\"dateModified\":\"2025-12-16T12:37:18+00:00\",\"breadcrumb\":{\"@id\":\"https:\/\/elinamirakova.es\/punto-pae\/#breadcrumb\"},\"inLanguage\":\"en-US\",\"potentialAction\":[{\"@type\":\"ReadAction\",\"target\":[\"https:\/\/elinamirakova.es\/punto-pae\/\"]}]},{\"@type\":\"ImageObject\",\"inLanguage\":\"en-US\",\"@id\":\"https:\/\/elinamirakova.es\/punto-pae\/#primaryimage\",\"url\":\"https:\/\/elinamirakova.es\/wp-content\/uploads\/2025\/12\/punto-pae-logo.png\",\"contentUrl\":\"https:\/\/elinamirakova.es\/wp-content\/uploads\/2025\/12\/punto-pae-logo.png\"},{\"@type\":\"BreadcrumbList\",\"@id\":\"https:\/\/elinamirakova.es\/punto-pae\/#breadcrumb\",\"itemListElement\":[{\"@type\":\"ListItem\",\"position\":1,\"name\":\"Portada\",\"item\":\"https:\/\/elinamirakova.es\/\"},{\"@type\":\"ListItem\",\"position\":2,\"name\":\"Punto PAE\"}]},{\"@type\":\"WebSite\",\"@id\":\"https:\/\/elinamirakova.es\/#website\",\"url\":\"https:\/\/elinamirakova.es\/\",\"name\":\"Elina Mirakova\",\"description\":\"\",\"publisher\":{\"@id\":\"https:\/\/elinamirakova.es\/#\/schema\/person\/e392622efc34709e3b7e63ded54bfec6\"},\"potentialAction\":[{\"@type\":\"SearchAction\",\"target\":{\"@type\":\"EntryPoint\",\"urlTemplate\":\"https:\/\/elinamirakova.es\/?s={search_term_string}\"},\"query-input\":{\"@type\":\"PropertyValueSpecification\",\"valueRequired\":true,\"valueName\":\"search_term_string\"}}],\"inLanguage\":\"en-US\"},{\"@type\":[\"Person\",\"Organization\"],\"@id\":\"https:\/\/elinamirakova.es\/#\/schema\/person\/e392622efc34709e3b7e63ded54bfec6\",\"name\":\"Elina Mirakova\",\"pronouns\":\"ella\/la\",\"image\":{\"@type\":\"ImageObject\",\"inLanguage\":\"en-US\",\"@id\":\"https:\/\/elinamirakova.es\/#\/schema\/person\/image\/\",\"url\":\"https:\/\/elinamirakova.es\/wp-content\/uploads\/2025\/12\/logo-emk-negro.png\",\"contentUrl\":\"https:\/\/elinamirakova.es\/wp-content\/uploads\/2025\/12\/logo-emk-negro.png\",\"width\":879,\"height\":450,\"caption\":\"Elina Mirakova\"},\"logo\":{\"@id\":\"https:\/\/elinamirakova.es\/#\/schema\/person\/image\/\"},\"sameAs\":[\"https:\/\/www.linkedin.com\/in\/elina-mirakova-631b93191\/\"]}]}<\/script>\n<!-- \/ Yoast SEO plugin. -->","yoast_head_json":{"title":"Punto PAE - Elina Mirakova","robots":{"index":"index","follow":"follow","max-snippet":"max-snippet:-1","max-image-preview":"max-image-preview:large","max-video-preview":"max-video-preview:-1"},"canonical":"https:\/\/elinamirakova.es\/en\/punto-pae\/","og_locale":"en_US","og_type":"article","og_title":"Punto PAE - Elina Mirakova","og_description":"Atenci\u00f3n al Emprendedor Punto PAE Introducci\u00f3n Como Punto de Atenci\u00f3n al Emprendedor (PAE), ofrezco asesoramiento y acompa\u00f1amiento en los tr\u00e1mites necesarios para iniciar una actividad econ\u00f3mica, facilitando la creaci\u00f3n de empresas y el alta de aut\u00f3nomos de forma \u00e1gil y centralizada. El servicio se realiza a trav\u00e9s de la Red PAE \u2013 CIRCE, permitiendo gestionar [&hellip;]","og_url":"https:\/\/elinamirakova.es\/en\/punto-pae\/","og_site_name":"Elina Mirakova","article_modified_time":"2025-12-16T12:37:18+00:00","og_image":[{"width":671,"height":406,"url":"https:\/\/elinamirakova.es\/wp-content\/uploads\/2025\/12\/punto-pae-logo.png","type":"image\/png"}],"twitter_card":"summary_large_image","twitter_misc":{"Est. reading time":"1 minute"},"schema":{"@context":"https:\/\/schema.org","@graph":[{"@type":"WebPage","@id":"https:\/\/elinamirakova.es\/punto-pae\/","url":"https:\/\/elinamirakova.es\/punto-pae\/","name":"Punto PAE - Elina Mirakova","isPartOf":{"@id":"https:\/\/elinamirakova.es\/#website"},"primaryImageOfPage":{"@id":"https:\/\/elinamirakova.es\/punto-pae\/#primaryimage"},"image":{"@id":"https:\/\/elinamirakova.es\/punto-pae\/#primaryimage"},"thumbnailUrl":"https:\/\/elinamirakova.es\/wp-content\/uploads\/2025\/12\/punto-pae-logo.png","datePublished":"2025-12-16T10:53:54+00:00","dateModified":"2025-12-16T12:37:18+00:00","breadcrumb":{"@id":"https:\/\/elinamirakova.es\/punto-pae\/#breadcrumb"},"inLanguage":"en-US","potentialAction":[{"@type":"ReadAction","target":["https:\/\/elinamirakova.es\/punto-pae\/"]}]},{"@type":"ImageObject","inLanguage":"en-US","@id":"https:\/\/elinamirakova.es\/punto-pae\/#primaryimage","url":"https:\/\/elinamirakova.es\/wp-content\/uploads\/2025\/12\/punto-pae-logo.png","contentUrl":"https:\/\/elinamirakova.es\/wp-content\/uploads\/2025\/12\/punto-pae-logo.png"},{"@type":"BreadcrumbList","@id":"https:\/\/elinamirakova.es\/punto-pae\/#breadcrumb","itemListElement":[{"@type":"ListItem","position":1,"name":"Portada","item":"https:\/\/elinamirakova.es\/"},{"@type":"ListItem","position":2,"name":"Punto PAE"}]},{"@type":"WebSite","@id":"https:\/\/elinamirakova.es\/#website","url":"https:\/\/elinamirakova.es\/","name":"Elina Mirakova","description":"","publisher":{"@id":"https:\/\/elinamirakova.es\/#\/schema\/person\/e392622efc34709e3b7e63ded54bfec6"},"potentialAction":[{"@type":"SearchAction","target":{"@type":"EntryPoint","urlTemplate":"https:\/\/elinamirakova.es\/?s={search_term_string}"},"query-input":{"@type":"PropertyValueSpecification","valueRequired":true,"valueName":"search_term_string"}}],"inLanguage":"en-US"},{"@type":["Person","Organization"],"@id":"https:\/\/elinamirakova.es\/#\/schema\/person\/e392622efc34709e3b7e63ded54bfec6","name":"Elina Mirakova","pronouns":"ella\/la","image":{"@type":"ImageObject","inLanguage":"en-US","@id":"https:\/\/elinamirakova.es\/#\/schema\/person\/image\/","url":"https:\/\/elinamirakova.es\/wp-content\/uploads\/2025\/12\/logo-emk-negro.png","contentUrl":"https:\/\/elinamirakova.es\/wp-content\/uploads\/2025\/12\/logo-emk-negro.png","width":879,"height":450,"caption":"Elina Mirakova"},"logo":{"@id":"https:\/\/elinamirakova.es\/#\/schema\/person\/image\/"},"sameAs":["https:\/\/www.linkedin.com\/in\/elina-mirakova-631b93191\/"]}]}},"_links":{"self":[{"href":"https:\/\/elinamirakova.es\/en\/wp-json\/wp\/v2\/pages\/185","targetHints":{"allow":["GET"]}}],"collection":[{"href":"https:\/\/elinamirakova.es\/en\/wp-json\/wp\/v2\/pages"}],"about":[{"href":"https:\/\/elinamirakova.es\/en\/wp-json\/wp\/v2\/types\/page"}],"author":[{"embeddable":true,"href":"https:\/\/elinamirakova.es\/en\/wp-json\/wp\/v2\/users\/1"}],"replies":[{"embeddable":true,"href":"https:\/\/elinamirakova.es\/en\/wp-json\/wp\/v2\/comments?post=185"}],"version-history":[{"count":4,"href":"https:\/\/elinamirakova.es\/en\/wp-json\/wp\/v2\/pages\/185\/revisions"}],"predecessor-version":[{"id":254,"href":"https:\/\/elinamirakova.es\/en\/wp-json\/wp\/v2\/pages\/185\/revisions\/254"}],"wp:attachment":[{"href":"https:\/\/elinamirakova.es\/en\/wp-json\/wp\/v2\/media?parent=185"}],"curies":[{"name":"wp","href":"https:\/\/api.w.org\/{rel}","templated":true}]}}